{"id":21,"date":"2025-04-12T20:33:50","date_gmt":"2025-04-12T20:33:50","guid":{"rendered":"http:\/\/localhost\/?page_id=21"},"modified":"2025-07-04T10:12:49","modified_gmt":"2025-07-04T10:12:49","slug":"kampaania","status":"publish","type":"page","link":"https:\/\/kampaania.voimix.ee\/","title":{"rendered":"Kampaania"},"content":{"rendered":"\n<h2 class=\"wp-block-heading\" id=\"registreeri\">Registreeri<\/h2>\n\n\n<div class=\"wpforms-container wpforms-container-full wpforms-render-modern\" id=\"wpforms-5\"><form id=\"wpforms-form-5\" class=\"wpforms-validate wpforms-form wpforms-ajax-form\" data-formid=\"5\" method=\"post\" enctype=\"multipart\/form-data\" action=\"\/index.php?rest_route=%2Fwp%2Fv2%2Fpages%2F21\" data-token=\"5fed795f1014ac143f3aa49499d6079c\" data-token-time=\"1778154579\"><noscript class=\"wpforms-error-noscript\">Please enable JavaScript in your browser to complete this form.<\/noscript><div class=\"wpforms-hidden\" id=\"wpforms-error-noscript\">Please enable JavaScript in your browser to complete this form.<\/div><div class=\"wpforms-field-container\"><div id=\"wpforms-5-field_9-container\" class=\"wpforms-field wpforms-field-text wpforms-one-half wpforms-first\" data-field-id=\"9\"><label class=\"wpforms-field-label\" for=\"wpforms-5-field_9\">Eesnimi <span class=\"wpforms-required-label\" aria-hidden=\"true\">*<\/span><\/label><input type=\"text\" id=\"wpforms-5-field_9\" class=\"wpforms-field-large wpforms-field-required\" name=\"wpforms[fields][9]\" aria-errormessage=\"wpforms-5-field_9-error\" required><\/div><div id=\"wpforms-5-field_8-container\" class=\"wpforms-field wpforms-field-text wpforms-one-half\" data-field-id=\"8\"><label class=\"wpforms-field-label\" for=\"wpforms-5-field_8\">Perekonnanimi <span class=\"wpforms-required-label\" aria-hidden=\"true\">*<\/span><\/label><input type=\"text\" id=\"wpforms-5-field_8\" class=\"wpforms-field-large wpforms-field-required\" name=\"wpforms[fields][8]\" aria-errormessage=\"wpforms-5-field_8-error\" required><\/div><div id=\"wpforms-5-field_2-container\" class=\"wpforms-field wpforms-field-text\" data-field-id=\"2\"><label class=\"wpforms-field-label\" for=\"wpforms-5-field_2\">T\u0161eki number <span class=\"wpforms-required-label\" aria-hidden=\"true\">*<\/span><\/label><input type=\"text\" id=\"wpforms-5-field_2\" class=\"wpforms-field-large wpforms-field-required\" name=\"wpforms[fields][2]\" aria-errormessage=\"wpforms-5-field_2-error\" required><\/div><div id=\"wpforms-5-field_3-container\" class=\"wpforms-field wpforms-field-email wpforms-one-half wpforms-first\" data-field-id=\"3\"><label class=\"wpforms-field-label\" for=\"wpforms-5-field_3\">Meiliaadress <span class=\"wpforms-required-label\" aria-hidden=\"true\">*<\/span><\/label><input type=\"email\" id=\"wpforms-5-field_3\" class=\"wpforms-field-large wpforms-field-required\" name=\"wpforms[fields][3]\" spellcheck=\"false\" aria-errormessage=\"wpforms-5-field_3-error\" required><\/div><div id=\"wpforms-5-field_12-container\" class=\"wpforms-field wpforms-field-text wpforms-one-half\" data-field-id=\"12\"><label class=\"wpforms-field-label\" for=\"wpforms-5-field_12\">Telefoninumber <span class=\"wpforms-required-label\" aria-hidden=\"true\">*<\/span><\/label><input type=\"text\" id=\"wpforms-5-field_12\" class=\"wpforms-field-large wpforms-field-required\" name=\"wpforms[fields][12]\" aria-errormessage=\"wpforms-5-field_12-error\" required><\/div><div id=\"wpforms-5-field_5-container\" class=\"wpforms-field wpforms-field-text wpforms-one-half wpforms-first\" data-field-id=\"5\"><label class=\"wpforms-field-label\" for=\"wpforms-5-field_5\">Pood, kus toimus Voimixi ost <span class=\"wpforms-required-label\" aria-hidden=\"true\">*<\/span><\/label><input type=\"text\" id=\"wpforms-5-field_5\" class=\"wpforms-field-large wpforms-field-required\" name=\"wpforms[fields][5]\" aria-errormessage=\"wpforms-5-field_5-error\" required><\/div><div id=\"wpforms-5-field_6-container\" class=\"wpforms-field wpforms-field-text wpforms-one-half\" data-field-id=\"6\"><label class=\"wpforms-field-label\" for=\"wpforms-5-field_6\">Linn, kus toimus Voimixi ost <span class=\"wpforms-required-label\" aria-hidden=\"true\">*<\/span><\/label><input type=\"text\" id=\"wpforms-5-field_6\" class=\"wpforms-field-large wpforms-field-required\" name=\"wpforms[fields][6]\" aria-errormessage=\"wpforms-5-field_6-error\" required><\/div><div id=\"wpforms-5-field_7-container\" class=\"wpforms-field wpforms-field-radio wpforms-list-inline\" data-field-id=\"7\"><fieldset><legend class=\"wpforms-field-label\">Palun valige, kust saite infot kampaania kohta:<\/legend><ul id=\"wpforms-5-field_7\"><li class=\"choice-1 depth-1\"><input type=\"radio\" id=\"wpforms-5-field_7_1\" name=\"wpforms[fields][7]\" value=\"Kauplusest\" aria-errormessage=\"wpforms-5-field_7_1-error\"  ><label class=\"wpforms-field-label-inline\" for=\"wpforms-5-field_7_1\">Kauplusest<\/label><\/li><li class=\"choice-2 depth-1\"><input type=\"radio\" id=\"wpforms-5-field_7_2\" name=\"wpforms[fields][7]\" value=\"Kliendilehest\" aria-errormessage=\"wpforms-5-field_7_2-error\"  ><label class=\"wpforms-field-label-inline\" for=\"wpforms-5-field_7_2\">Kliendilehest<\/label><\/li><li class=\"choice-3 depth-1\"><input type=\"radio\" id=\"wpforms-5-field_7_3\" name=\"wpforms[fields][7]\" value=\"Facebookist\" aria-errormessage=\"wpforms-5-field_7_3-error\"  ><label class=\"wpforms-field-label-inline\" for=\"wpforms-5-field_7_3\">Facebookist<\/label><\/li><li class=\"choice-4 depth-1\"><input type=\"radio\" id=\"wpforms-5-field_7_4\" name=\"wpforms[fields][7]\" value=\"S\u00f5pradelt\" aria-errormessage=\"wpforms-5-field_7_4-error\"  ><label class=\"wpforms-field-label-inline\" for=\"wpforms-5-field_7_4\">S\u00f5pradelt<\/label><\/li><\/ul><\/fieldset><\/div><div id=\"wpforms-5-field_10-container\" class=\"wpforms-field wpforms-field-text\" data-field-id=\"10\"><label class=\"wpforms-field-label\" for=\"wpforms-5-field_10\">Voimixi mesilane otsib endale nime, mida sina pakuksid?<\/label><input type=\"text\" id=\"wpforms-5-field_10\" class=\"wpforms-field-large\" name=\"wpforms[fields][10]\" aria-errormessage=\"wpforms-5-field_10-error\" ><\/div><div id=\"wpforms-5-field_15-container\" class=\"wpforms-field wpforms-field-checkbox\" data-field-id=\"15\"><fieldset><legend class=\"wpforms-field-label wpforms-label-hide\" aria-hidden=\"false\"> <span class=\"wpforms-required-label\" aria-hidden=\"true\">*<\/span><\/legend><ul id=\"wpforms-5-field_15\" class=\"wpforms-field-required\"><li class=\"choice-1 depth-1\"><input type=\"checkbox\" id=\"wpforms-5-field_15_1\" name=\"wpforms[fields][15][]\" value=\"N\u00f5ustun kampaania tingimustega\" aria-errormessage=\"wpforms-5-field_15_1-error\" required ><label class=\"wpforms-field-label-inline\" for=\"wpforms-5-field_15_1\">N\u00f5ustun kampaania tingimustega<\/label><\/li><\/ul><\/fieldset><\/div><div id=\"wpforms-5-field_11-container\" class=\"wpforms-field wpforms-field-checkbox openIsikuandmed\" data-field-id=\"11\"><fieldset><legend class=\"wpforms-field-label wpforms-label-hide\" aria-hidden=\"false\"> <span class=\"wpforms-required-label\" aria-hidden=\"true\">*<\/span><\/legend><ul id=\"wpforms-5-field_11\" class=\"wpforms-field-required\"><li class=\"choice-2 depth-1\"><input type=\"checkbox\" id=\"wpforms-5-field_11_2\" name=\"wpforms[fields][11][]\" value=\"N\u00f5ustun enda isikuandmete t\u00f6\u00f6tlemisega kampaania jaoks\" aria-errormessage=\"wpforms-5-field_11_2-error\" required ><label class=\"wpforms-field-label-inline\" for=\"wpforms-5-field_11_2\">N\u00f5ustun enda isikuandmete t\u00f6\u00f6tlemisega kampaania jaoks<\/label><\/li><\/ul><\/fieldset><\/div><\/div><!-- .wpforms-field-container --><div class=\"wpforms-submit-container\" ><input type=\"hidden\" name=\"wpforms[id]\" value=\"5\"><input type=\"hidden\" name=\"page_title\" value=\"\"><input type=\"hidden\" name=\"page_url\" value=\"https:\/\/kampaania.voimix.ee\/index.php?rest_route=\/wp\/v2\/pages\/21\"><input type=\"hidden\" name=\"url_referer\" value=\"\"><button type=\"submit\" name=\"wpforms[submit]\" id=\"wpforms-submit-5\" class=\"wpforms-submit\" data-alt-text=\"laeb...\" data-submit-text=\"Registreeri\" aria-live=\"assertive\" value=\"wpforms-submit\">Registreeri<\/button><img loading=\"lazy\" decoding=\"async\" src=\"https:\/\/kampaania.voimix.ee\/wp-content\/plugins\/wpforms-lite\/assets\/images\/submit-spin.svg\" class=\"wpforms-submit-spinner\" style=\"display: none;\" width=\"26\" height=\"26\" alt=\"Loading\"><\/div><\/form><\/div>  <!-- .wpforms-container -->\n\n\n\n<h2 class=\"wp-block-heading\" id=\"reeglid\">Reeglid<\/h2>\n\n\n\n<ol class=\"wp-block-list\">\n<li>Kampaania &#8220;Osta, registreeri ostut\u0161ekk ja v\u00f5ida KitchenAid mikser&#8221; on tarbijam\u00e4ng (edaspidi Kampaania), mis toimub ajavahemikus 01.05.2025\u201330.06.2025. Kampaaniat korraldab Ambient Marketing O\u00dc, registrikood 11210077, aadress: Veerenni 24, 10135 Tallinn (edaspidi Korraldaja).<\/li>\n\n\n\n<li>Kampaania toimub Eesti Vabariigi kauplustes, kus m\u00fc\u00fcakse Voimix margariine.<\/li>\n\n\n\n<li>Kampaania l\u00e4biviimise korra kehtestab Korraldaja k\u00e4esolevates reeglites. K\u00f5ik Korraldaja otsused Kampaania korraldamise ja l\u00e4biviimise kohta on l\u00f5plikud ning osalejatele kohustuslikud.<\/li>\n\n\n\n<li>Kampaanias osalevad j\u00e4rgmised Voimix tooted:\n<ul class=\"wp-block-list\">\n<li>EAN 6438207011873 \u2013 Voimix margariin 60% 400 g<\/li>\n\n\n\n<li>EAN 6438207017004 \u2013 Voimix margariin 60% soolane 400 g<\/li>\n\n\n\n<li>EAN 6438207011996 \u2013 Voimix margariin 60% soolane 250 g<\/li>\n<\/ul>\n<\/li>\n\n\n\n<li>Kampaanias osalemiseks tuleb osta v\u00e4hemalt \u00fcks Voimix margariin ning registreerida ostut\u0161ekk Kampaania veebilehel www.voimix.ee ajavahemikus 01.05.\u201330.06.2025. Registreerimisvormis tuleb t\u00e4ita k\u00f5ik n\u00f5utavad v\u00e4ljad: eesnimi, perekonnanimi, ostut\u0161eki number, meiliaadress, telefoninumber, ostukoha pood ja linn.<\/li>\n\n\n\n<li>Registreerimisega kinnitab osaleja esitatud andmete \u00f5igsust, oma vastavust Kampaania reeglitele ning n\u00f5ustumist k\u00f5igi Kampaania tingimustega.<\/li>\n\n\n\n<li>\u00dcks ostut\u0161eki number saab loosimises osaleda vaid \u00fche korra.<\/li>\n\n\n\n<li>Loosimises osalemiseks tuleb ostut\u0161ekk s\u00e4ilitada Kampaania l\u00f5puni. Korraldajal on \u00f5igus k\u00fcsida ostut\u0161eki ja isikut t\u00f5endava dokumendi esitamist auhinna k\u00e4ttesaamiseks.<\/li>\n\n\n\n<li>Auhinnaloosimise viib l\u00e4bi Ambient Marketing O\u00dc.<\/li>\n\n\n\n<li>Auhindade loosimises osalevad k\u00f5ik, kes on registreerinud oma ostut\u0161eki Kampaania veebilehel www.voimix.ee &nbsp;reeglitekohaselt ajavahemikus 01.05.\u201330.06.2025.<\/li>\n\n\n\n<li>Kampaania auhinnad:<br><ul><li>Peaauhind \u2013 KitchenAid mikser Artisan Exclusive 4,8 L, 1 tk          <\/li><li>Lisaauhinnad \u2013 150 eurot (kantakse v\u00f5itja pangakontole), 4 tk<\/li><\/ul>Auhinnad loositakse v\u00e4lja hiljemalt 07.07.2025.<\/li>\n\n\n\n<li>Kampaania v\u00f5itjate nimed avaldatakse Kampaania veebilehel www.voimix.ee hiljemalt j\u00e4rgmisel t\u00f6\u00f6p\u00e4eval p\u00e4rast loosimist.<\/li>\n\n\n\n<li>Korraldaja esindaja v\u00f5tab v\u00f5itjatega \u00fchendust e-posti v\u00f5i telefoni teel, et t\u00e4psustada andmeid ja auhinna k\u00e4ttetoimetamisega seotud detaile.<\/li>\n\n\n\n<li>Kui auhinnav\u00f5itja ei vasta Kampaania tingimustele, ei ole s\u00e4ilitanud ostut\u0161ekki v\u00f5i ei ole \u00fche kuu jooksul p\u00e4rast oma nime avaldamist veebilehel www.voimix.ee olnud registreeritud kontaktandmetel k\u00e4ttesaadav, on Korraldajal \u00f5igus j\u00e4tta auhind v\u00e4lja andmata.<\/li>\n\n\n\n<li>Kampaania auhindu ei asendata ega maksta v\u00e4lja rahas, v.a. juhul kui Korraldaja otsustab auhinna asendada samav\u00e4\u00e4rsega.<\/li>\n\n\n\n<li>Auhindadega seotud riiklikud maksud tasub Korraldaja vastavalt Eesti Vabariigi seadustele.<\/li>\n\n\n\n<li>Kui osaleja rikub Kampaania tingimusi, esitab valeandmeid v\u00f5i kui Korraldajal ei \u00f5nnestu v\u00f5itjaga \u00fchendust saada, ei vastuta Korraldaja osaleja loosimisest v\u00f5i auhinna k\u00e4ttesaamisest k\u00f5rvalej\u00e4\u00e4mise eest.<\/li>\n\n\n\n<li>V\u00e4\u00e4ramatu j\u00f5u (force majeure) korral on Korraldajal \u00f5igus Kampaania katkestada, auhindu v\u00e4lja loosimata j\u00e4tta ja\/v\u00f5i neid v\u00f5itjatele \u00fcle andmata, teavitades osalejaid meedia vahendusel.<\/li>\n\n\n\n<li>Kampaanias ei tohi osaleda Ambient Marketing O\u00dc t\u00f6\u00f6tajad ega nende perekonnaliikmed.<\/li>\n\n\n\n<li>K\u00f5ik Kampaaniaga seotud vaidlused lahendatakse vastavalt Eesti Vabariigi seadustele.<\/li>\n\n\n\n<li>Kampaaniaga seotud pretensioonid tuleb saata kirjalikult e-posti aadressile kampaaniad@ambientmarketing.ee.<\/li>\n<\/ol>\n\n\n\n<p><\/p>\n\n\n\n<h2 class=\"wp-block-heading\" id=\"voitjad\">V\u00f5itjad<\/h2>\n<p>PEAAUHIND KitchenAid mikser &#8211; Kristiine M., ostut\u0161ekinumber 548-3964296 <\/p>\n<p>LISAAUHINNAD:<\/p>\n<p>150 \u20ac &#8211; Alar N., ostut\u0161ekinumber 165\/1726<\/p>\n<p>150 \u20ac &#8211; Maie V., ostut\u0161ekinumber 2702228667<\/p>\n<p>150 \u20ac &#8211; Piret B., ostut\u0161ekinumber 330264<\/p>\n<p>150 \u20ac &#8211; Linda K., ostut\u0161ekinumber 1209-1913456<\/p>\n<p>K\u00f5igi v\u00f5itjatega v\u00f5etakse personaalselt \u00fchendust registreerimisel m\u00e4rgitud kontaktandmete alusel.<\/p>\n\n\n\n<p>Auhinnad loositakse v\u00e4lja hiljemalt 07.07.2025<\/p>\n","protected":false},"excerpt":{"rendered":"<p>Registreeri Reeglid V\u00f5itjad PEAAUHIND KitchenAid mikser &#8211; Kristiine M., ostut\u0161ekinumber 548-3964296 LISAAUHINNAD: 150 \u20ac &#8211; Alar N., ostut\u0161ekinumber 165\/1726 150 \u20ac &#8211; Maie V., ostut\u0161ekinumber 2702228667 150 \u20ac &#8211; Piret B., ostut\u0161ekinumber 330264 150 \u20ac &#8211; Linda K., ostut\u0161ekinumber 1209-1913456 K\u00f5igi v\u00f5itjatega v\u00f5etakse personaalselt \u00fchendust registreerimisel m\u00e4rgitud kontaktandmete alusel. Auhinnad loositakse v\u00e4lja hiljemalt 07.07.2025<\/p>\n","protected":false},"author":1,"featured_media":0,"parent":0,"menu_order":0,"comment_status":"closed","ping_status":"closed","template":"page-simple.php","meta":{"footnotes":""},"class_list":["post-21","page","type-page","status-publish","hentry"],"_links":{"self":[{"href":"https:\/\/kampaania.voimix.ee\/index.php?rest_route=\/wp\/v2\/pages\/21","targetHints":{"allow":["GET"]}}],"collection":[{"href":"https:\/\/kampaania.voimix.ee\/index.php?rest_route=\/wp\/v2\/pages"}],"about":[{"href":"https:\/\/kampaania.voimix.ee\/index.php?rest_route=\/wp\/v2\/types\/page"}],"author":[{"embeddable":true,"href":"https:\/\/kampaania.voimix.ee\/index.php?rest_route=\/wp\/v2\/users\/1"}],"replies":[{"embeddable":true,"href":"https:\/\/kampaania.voimix.ee\/index.php?rest_route=%2Fwp%2Fv2%2Fcomments&post=21"}],"version-history":[{"count":15,"href":"https:\/\/kampaania.voimix.ee\/index.php?rest_route=\/wp\/v2\/pages\/21\/revisions"}],"predecessor-version":[{"id":67,"href":"https:\/\/kampaania.voimix.ee\/index.php?rest_route=\/wp\/v2\/pages\/21\/revisions\/67"}],"wp:attachment":[{"href":"https:\/\/kampaania.voimix.ee\/index.php?rest_route=%2Fwp%2Fv2%2Fmedia&parent=21"}],"curies":[{"name":"wp","href":"https:\/\/api.w.org\/{rel}","templated":true}]}}